{"id":127,"date":"2020-11-14T18:38:29","date_gmt":"2020-11-14T16:38:29","guid":{"rendered":"http:\/\/www.ducsfootball.cat\/?page_id=127"},"modified":"2020-11-15T16:16:43","modified_gmt":"2020-11-15T14:16:43","slug":"vols-jugar","status":"publish","type":"page","link":"https:\/\/www.ducsfootball.cat\/index.php\/vols-jugar\/","title":{"rendered":"Vols jugar ?"},"content":{"rendered":"<h3 class=\"ui header\">Si t&#8217;agrada el F\u00fatbol Americ\u00e0 no ho dubtis. Contacte amb nosaltres i t&#8217;explicarem com pots ser un Duc m\u00e9s<\/h3>\r\n\r\n<div class=\"ui steps\">\r\n  <div class=\"step\">\r\n    <i class=\"child icon\"><\/i>\r\n    <div class=\"content\">\r\n      <div class=\"title\">Cadets<\/div>\r\n      <div class=\"description\">Si tens entre 15 i 17 anys pots formar<br\/> part del nostre equip cadet<\/div>\r\n    <\/div>\r\n  <\/div>\r\n  <div class=\"step\">\r\n    <i class=\"user icon\"><\/i>\r\n    <div class=\"content\">\r\n      <div class=\"title\">J\u00faniors<\/div>\r\n      <div class=\"description\">Si tens entre 18 i 19 anys<br\/> el teu lloc est\u00e0 a l&#8217;equip j\u00fanior<\/div>\r\n    <\/div>\r\n  <\/div>\r\n  <div class=\"step\">\r\n    <i class=\"football ball icon\"><\/i>\r\n    <div class=\"content\">\r\n      <div class=\"title\">S\u00e9niors<\/div>\r\n      <div class=\"description\">Si tens m\u00e9s de 19 anys ja pots<br\/> jugar amb el 1er equip, l&#8217;equip s\u00e9nior<\/div>\r\n    <\/div>\r\n  <\/div>\r\n<\/div>\r\n\r\n<p><h1 class=\"ui header\">Vine, prova-ho i queda&#8217;t !!<\/h1><\/p>\r\n\r\n\r\n\r\n<p>Contacte:<br \/>Email: club@ducsfootball.cat<br \/>Tel: 693 91 21 06<\/p>\r\n<p>&nbsp;<\/p>\r\n","protected":false},"excerpt":{"rendered":"<p>Si t&#8217;agrada el F\u00fatbol Americ\u00e0 no ho dubtis. Contacte amb nosaltres i t&#8217;explicarem com pots ser un Duc m\u00e9s Cadets Si tens entre 15 i 17 anys pots formar part del nostre equip cadet J\u00faniors Si tens entre 18 i 19 anys el teu lloc est\u00e0 a l&#8217;equip j\u00fanior S\u00e9niors Si tens m\u00e9s de 19<\/p>\n<p class=\"more-link\"><a href=\"https:\/\/www.ducsfootball.cat\/index.php\/vols-jugar\/\" class=\"themebutton\">Read More<\/a><\/p>\n","protected":false},"author":1,"featured_media":0,"parent":0,"menu_order":0,"comment_status":"closed","ping_status":"closed","template":"","meta":{"footnotes":""},"class_list":["post-127","page","type-page","status-publish","hentry"],"_links":{"self":[{"href":"https:\/\/www.ducsfootball.cat\/index.php\/wp-json\/wp\/v2\/pages\/127"}],"collection":[{"href":"https:\/\/www.ducsfootball.cat\/index.php\/wp-json\/wp\/v2\/pages"}],"about":[{"href":"https:\/\/www.ducsfootball.cat\/index.php\/wp-json\/wp\/v2\/types\/page"}],"author":[{"embeddable":true,"href":"https:\/\/www.ducsfootball.cat\/index.php\/wp-json\/wp\/v2\/users\/1"}],"replies":[{"embeddable":true,"href":"https:\/\/www.ducsfootball.cat\/index.php\/wp-json\/wp\/v2\/comments?post=127"}],"version-history":[{"count":5,"href":"https:\/\/www.ducsfootball.cat\/index.php\/wp-json\/wp\/v2\/pages\/127\/revisions"}],"predecessor-version":[{"id":216,"href":"https:\/\/www.ducsfootball.cat\/index.php\/wp-json\/wp\/v2\/pages\/127\/revisions\/216"}],"wp:attachment":[{"href":"https:\/\/www.ducsfootball.cat\/index.php\/wp-json\/wp\/v2\/media?parent=127"}],"curies":[{"name":"wp","href":"https:\/\/api.w.org\/{rel}","templated":true}]}}