{"id":21,"date":"2019-08-07T12:02:40","date_gmt":"2019-08-07T10:02:40","guid":{"rendered":"http:\/\/www.ducsfootball.cat\/?page_id=21"},"modified":"2020-11-15T16:17:14","modified_gmt":"2020-11-15T14:17:14","slug":"el-club","status":"publish","type":"page","link":"https:\/\/www.ducsfootball.cat\/index.php\/el-club\/","title":{"rendered":"El club"},"content":{"rendered":"<p><img decoding=\"async\" class=\"ui bordered centered massive image\" src=\"https:\/\/www.ducsfootball.cat\/wp-content\/uploads\/2020\/11\/sf-semifinal_1.jpg\" alt=\"\"\/><\/p>\r\n<p>&nbsp;<\/p>\r\n\r\n<div class=\"ui icon message\"><i class=\"circular info icon\"><\/i>\r\n<div class=\"content\">\r\n<div class=\"header\">Ducs Football \u00e9s el club de futbol americ\u00e0 de Castell-Platja d&#8217;Aro.<\/div>\r\n<p>El club neix el 2018 com a fusi\u00f3 dels dos grans clubs de futbol americ\u00e0 de la prov\u00edncia de Girona, que despr\u00e9s de competir plegats durant tres anys decideixen consolidar la seva cooperaci\u00f3 per a constitu\u00efr-se en una sola entitat. Els clubs que van donar origen als Ducs s\u00f3n:<\/p>\r\n<\/div>\r\n<\/div>\r\n\r\n<div class=\"ui items\">\r\n<div class=\"item\">\r\n<div class=\"image\"><img loading=\"lazy\" decoding=\"async\" class=\"alignnone size-medium wp-image-210\" src=\"https:\/\/www.ducsfootball.cat\/wp-content\/uploads\/2020\/11\/logo_falcons-266x300.png\" alt=\"\" width=\"266\" height=\"300\" srcset=\"https:\/\/www.ducsfootball.cat\/wp-content\/uploads\/2020\/11\/logo_falcons-266x300.png 266w, https:\/\/www.ducsfootball.cat\/wp-content\/uploads\/2020\/11\/logo_falcons-113x128.png 113w, https:\/\/www.ducsfootball.cat\/wp-content\/uploads\/2020\/11\/logo_falcons-28x32.png 28w, https:\/\/www.ducsfootball.cat\/wp-content\/uploads\/2020\/11\/logo_falcons.png 595w\" sizes=\"(max-width: 266px) 100vw, 266px\" \/><\/div>\r\n<div class=\"content\"><a class=\"header\">Salt Falcons<\/a>\r\n<div class=\"meta\">Fundat l&#8217;any 1989<\/div>\r\n<div class=\"description\">\r\n<p>Va ser el primer club de futbol americ\u00e0 de la prov\u00edncia de Girona<\/p>\r\n<\/div>\r\n<div class=\"extra\">\r\n<div class=\"ui five column centered grid\">\r\n<div class=\"column\">\r\n<div class=\"ui fluid card\"><img loading=\"lazy\" decoding=\"async\" class=\"size-medium wp-image-195\" src=\"https:\/\/www.ducsfootball.cat\/wp-content\/uploads\/2020\/11\/wp_91-92-300x255.jpg\" alt=\"\" width=\"300\" height=\"255\" srcset=\"https:\/\/www.ducsfootball.cat\/wp-content\/uploads\/2020\/11\/wp_91-92-300x255.jpg 300w, https:\/\/www.ducsfootball.cat\/wp-content\/uploads\/2020\/11\/wp_91-92-128x109.jpg 128w, https:\/\/www.ducsfootball.cat\/wp-content\/uploads\/2020\/11\/wp_91-92-32x27.jpg 32w, https:\/\/www.ducsfootball.cat\/wp-content\/uploads\/2020\/11\/wp_91-92.jpg 768w\" sizes=\"(max-width: 300px) 100vw, 300px\" \/><\/div>\r\n<\/div>\r\n<div class=\"column\">\r\n<div class=\"ui fluid card\"><img loading=\"lazy\" decoding=\"async\" class=\"size-medium wp-image-198\" src=\"https:\/\/www.ducsfootball.cat\/wp-content\/uploads\/2020\/11\/wp_falcons-300x255.jpg\" alt=\"\" width=\"300\" height=\"255\" srcset=\"https:\/\/www.ducsfootball.cat\/wp-content\/uploads\/2020\/11\/wp_falcons-300x255.jpg 300w, https:\/\/www.ducsfootball.cat\/wp-content\/uploads\/2020\/11\/wp_falcons-128x109.jpg 128w, https:\/\/www.ducsfootball.cat\/wp-content\/uploads\/2020\/11\/wp_falcons-32x27.jpg 32w, https:\/\/www.ducsfootball.cat\/wp-content\/uploads\/2020\/11\/wp_falcons.jpg 768w\" sizes=\"(max-width: 300px) 100vw, 300px\" \/><\/div>\r\n<\/div>\r\n<div class=\"column\">\r\n<div class=\"ui fluid card\"><img loading=\"lazy\" decoding=\"async\" class=\"size-medium wp-image-197\" src=\"https:\/\/www.ducsfootball.cat\/wp-content\/uploads\/2020\/11\/wp_falcons-reds-300x255.jpg\" alt=\"\" width=\"300\" height=\"255\" srcset=\"https:\/\/www.ducsfootball.cat\/wp-content\/uploads\/2020\/11\/wp_falcons-reds-300x255.jpg 300w, https:\/\/www.ducsfootball.cat\/wp-content\/uploads\/2020\/11\/wp_falcons-reds-128x109.jpg 128w, https:\/\/www.ducsfootball.cat\/wp-content\/uploads\/2020\/11\/wp_falcons-reds-32x27.jpg 32w, https:\/\/www.ducsfootball.cat\/wp-content\/uploads\/2020\/11\/wp_falcons-reds.jpg 768w\" sizes=\"(max-width: 300px) 100vw, 300px\" \/><\/div>\r\n<\/div>\r\n<div class=\"column\">\r\n<div class=\"ui fluid card\"><img loading=\"lazy\" decoding=\"async\" class=\"size-medium wp-image-196\" src=\"https:\/\/www.ducsfootball.cat\/wp-content\/uploads\/2020\/11\/wp_falcons-pioners-300x255.jpg\" alt=\"\" width=\"300\" height=\"255\" srcset=\"https:\/\/www.ducsfootball.cat\/wp-content\/uploads\/2020\/11\/wp_falcons-pioners-300x255.jpg 300w, https:\/\/www.ducsfootball.cat\/wp-content\/uploads\/2020\/11\/wp_falcons-pioners-128x109.jpg 128w, https:\/\/www.ducsfootball.cat\/wp-content\/uploads\/2020\/11\/wp_falcons-pioners-32x27.jpg 32w, https:\/\/www.ducsfootball.cat\/wp-content\/uploads\/2020\/11\/wp_falcons-pioners.jpg 768w\" sizes=\"(max-width: 300px) 100vw, 300px\" \/><\/div>\r\n<\/div>\r\n<div class=\"column\">\r\n<div class=\"ui fluid card\"><img loading=\"lazy\" decoding=\"async\" class=\"size-medium wp-image-194\" src=\"https:\/\/www.ducsfootball.cat\/wp-content\/uploads\/2020\/11\/wp_falcons-hornets-300x255.jpg\" alt=\"\" width=\"300\" height=\"255\" srcset=\"https:\/\/www.ducsfootball.cat\/wp-content\/uploads\/2020\/11\/wp_falcons-hornets-300x255.jpg 300w, https:\/\/www.ducsfootball.cat\/wp-content\/uploads\/2020\/11\/wp_falcons-hornets-128x109.jpg 128w, https:\/\/www.ducsfootball.cat\/wp-content\/uploads\/2020\/11\/wp_falcons-hornets-32x27.jpg 32w, https:\/\/www.ducsfootball.cat\/wp-content\/uploads\/2020\/11\/wp_falcons-hornets.jpg 768w\" sizes=\"(max-width: 300px) 100vw, 300px\" \/><\/div>\r\n<\/div>\r\n<\/div>\r\n<\/div>\r\n<\/div>\r\n<\/div>\r\n<div class=\"item\">\r\n<div class=\"image\"><img loading=\"lazy\" decoding=\"async\" class=\"alignnone size-medium wp-image-212\" src=\"https:\/\/www.ducsfootball.cat\/wp-content\/uploads\/2020\/11\/logo_senglars-300x294.png\" alt=\"\" width=\"300\" height=\"294\" srcset=\"https:\/\/www.ducsfootball.cat\/wp-content\/uploads\/2020\/11\/logo_senglars-300x294.png 300w, https:\/\/www.ducsfootball.cat\/wp-content\/uploads\/2020\/11\/logo_senglars-1024x1002.png 1024w, https:\/\/www.ducsfootball.cat\/wp-content\/uploads\/2020\/11\/logo_senglars-768x752.png 768w, https:\/\/www.ducsfootball.cat\/wp-content\/uploads\/2020\/11\/logo_senglars-1536x1504.png 1536w, https:\/\/www.ducsfootball.cat\/wp-content\/uploads\/2020\/11\/logo_senglars-128x125.png 128w, https:\/\/www.ducsfootball.cat\/wp-content\/uploads\/2020\/11\/logo_senglars-32x32.png 32w, https:\/\/www.ducsfootball.cat\/wp-content\/uploads\/2020\/11\/logo_senglars.png 1713w\" sizes=\"(max-width: 300px) 100vw, 300px\" \/><\/div>\r\n<div class=\"content\"><a class=\"header\">Senglars de Santa Cristina<\/a>\r\n<div class=\"meta\">Fundat l&#8217;any 2006<\/div>\r\n<div class=\"description\">\r\n<p>Segon club giron\u00ed en participar a les competicions de futbol americ\u00e0<\/p>\r\n<\/div>\r\n<div class=\"extra\">\r\n<div class=\"ui five column centered grid\">\r\n<div class=\"column\">\r\n<div class=\"ui fluid card\"><img loading=\"lazy\" decoding=\"async\" class=\"alignnone wp-image-199 size-medium\" src=\"https:\/\/www.ducsfootball.cat\/wp-content\/uploads\/2020\/11\/image_1-300x199.jpg\" alt=\"\" width=\"300\" height=\"199\" srcset=\"https:\/\/www.ducsfootball.cat\/wp-content\/uploads\/2020\/11\/image_1-300x199.jpg 300w, https:\/\/www.ducsfootball.cat\/wp-content\/uploads\/2020\/11\/image_1-768x510.jpg 768w, https:\/\/www.ducsfootball.cat\/wp-content\/uploads\/2020\/11\/image_1-128x85.jpg 128w, https:\/\/www.ducsfootball.cat\/wp-content\/uploads\/2020\/11\/image_1-32x21.jpg 32w, https:\/\/www.ducsfootball.cat\/wp-content\/uploads\/2020\/11\/image_1-570x380.jpg 570w, https:\/\/www.ducsfootball.cat\/wp-content\/uploads\/2020\/11\/image_1-285x190.jpg 285w, https:\/\/www.ducsfootball.cat\/wp-content\/uploads\/2020\/11\/image_1.jpg 960w\" sizes=\"(max-width: 300px) 100vw, 300px\" \/><\/div>\r\n<\/div>\r\n<div class=\"column\">\r\n<div class=\"ui fluid card\"><img loading=\"lazy\" decoding=\"async\" class=\"alignnone wp-image-203 size-medium\" src=\"https:\/\/www.ducsfootball.cat\/wp-content\/uploads\/2020\/11\/image_5-300x199.jpg\" alt=\"\" width=\"300\" height=\"199\" srcset=\"https:\/\/www.ducsfootball.cat\/wp-content\/uploads\/2020\/11\/image_5-300x199.jpg 300w, https:\/\/www.ducsfootball.cat\/wp-content\/uploads\/2020\/11\/image_5-1024x681.jpg 1024w, https:\/\/www.ducsfootball.cat\/wp-content\/uploads\/2020\/11\/image_5-768x511.jpg 768w, https:\/\/www.ducsfootball.cat\/wp-content\/uploads\/2020\/11\/image_5-1536x1021.jpg 1536w, https:\/\/www.ducsfootball.cat\/wp-content\/uploads\/2020\/11\/image_5-128x85.jpg 128w, https:\/\/www.ducsfootball.cat\/wp-content\/uploads\/2020\/11\/image_5-32x21.jpg 32w, https:\/\/www.ducsfootball.cat\/wp-content\/uploads\/2020\/11\/image_5-570x380.jpg 570w, https:\/\/www.ducsfootball.cat\/wp-content\/uploads\/2020\/11\/image_5-285x190.jpg 285w, https:\/\/www.ducsfootball.cat\/wp-content\/uploads\/2020\/11\/image_5.jpg 1820w\" sizes=\"(max-width: 300px) 100vw, 300px\" \/><\/div>\r\n<\/div>\r\n<div class=\"column\">\r\n<div class=\"ui fluid card\"><img loading=\"lazy\" decoding=\"async\" class=\"alignnone wp-image-207 size-medium\" src=\"https:\/\/www.ducsfootball.cat\/wp-content\/uploads\/2020\/11\/image_6-300x199.jpg\" alt=\"\" width=\"300\" height=\"199\" srcset=\"https:\/\/www.ducsfootball.cat\/wp-content\/uploads\/2020\/11\/image_6-300x199.jpg 300w, https:\/\/www.ducsfootball.cat\/wp-content\/uploads\/2020\/11\/image_6-768x511.jpg 768w, https:\/\/www.ducsfootball.cat\/wp-content\/uploads\/2020\/11\/image_6-128x85.jpg 128w, https:\/\/www.ducsfootball.cat\/wp-content\/uploads\/2020\/11\/image_6-32x21.jpg 32w, https:\/\/www.ducsfootball.cat\/wp-content\/uploads\/2020\/11\/image_6-570x380.jpg 570w, https:\/\/www.ducsfootball.cat\/wp-content\/uploads\/2020\/11\/image_6-285x190.jpg 285w, https:\/\/www.ducsfootball.cat\/wp-content\/uploads\/2020\/11\/image_6.jpg 910w\" sizes=\"(max-width: 300px) 100vw, 300px\" \/><\/div>\r\n<\/div>\r\n<div class=\"column\">\r\n<div class=\"ui fluid card\"><img loading=\"lazy\" decoding=\"async\" class=\"alignnone wp-image-205 size-medium\" src=\"https:\/\/www.ducsfootball.cat\/wp-content\/uploads\/2020\/11\/image_7-300x200.jpg\" alt=\"\" width=\"300\" height=\"200\" srcset=\"https:\/\/www.ducsfootball.cat\/wp-content\/uploads\/2020\/11\/image_7-300x200.jpg 300w, https:\/\/www.ducsfootball.cat\/wp-content\/uploads\/2020\/11\/image_7-768x512.jpg 768w, https:\/\/www.ducsfootball.cat\/wp-content\/uploads\/2020\/11\/image_7-128x85.jpg 128w, https:\/\/www.ducsfootball.cat\/wp-content\/uploads\/2020\/11\/image_7-32x21.jpg 32w, https:\/\/www.ducsfootball.cat\/wp-content\/uploads\/2020\/11\/image_7-570x380.jpg 570w, https:\/\/www.ducsfootball.cat\/wp-content\/uploads\/2020\/11\/image_7-380x254.jpg 380w, https:\/\/www.ducsfootball.cat\/wp-content\/uploads\/2020\/11\/image_7-285x190.jpg 285w, https:\/\/www.ducsfootball.cat\/wp-content\/uploads\/2020\/11\/image_7.jpg 960w\" sizes=\"(max-width: 300px) 100vw, 300px\" \/><\/div>\r\n<\/div>\r\n<div class=\"column\">\r\n<div class=\"ui fluid card\"><img loading=\"lazy\" decoding=\"async\" class=\"alignnone wp-image-206 size-medium\" src=\"https:\/\/www.ducsfootball.cat\/wp-content\/uploads\/2020\/11\/image_8-300x199.jpg\" alt=\"\" width=\"300\" height=\"199\" srcset=\"https:\/\/www.ducsfootball.cat\/wp-content\/uploads\/2020\/11\/image_8-300x199.jpg 300w, https:\/\/www.ducsfootball.cat\/wp-content\/uploads\/2020\/11\/image_8-1024x681.jpg 1024w, https:\/\/www.ducsfootball.cat\/wp-content\/uploads\/2020\/11\/image_8-768x511.jpg 768w, https:\/\/www.ducsfootball.cat\/wp-content\/uploads\/2020\/11\/image_8-1536x1021.jpg 1536w, https:\/\/www.ducsfootball.cat\/wp-content\/uploads\/2020\/11\/image_8-128x85.jpg 128w, https:\/\/www.ducsfootball.cat\/wp-content\/uploads\/2020\/11\/image_8-32x21.jpg 32w, https:\/\/www.ducsfootball.cat\/wp-content\/uploads\/2020\/11\/image_8-570x380.jpg 570w, https:\/\/www.ducsfootball.cat\/wp-content\/uploads\/2020\/11\/image_8-285x190.jpg 285w, https:\/\/www.ducsfootball.cat\/wp-content\/uploads\/2020\/11\/image_8.jpg 1820w\" sizes=\"(max-width: 300px) 100vw, 300px\" \/><\/div>\r\n<\/div>\r\n<\/div>\r\n<\/div>\r\n<\/div>\r\n<\/div>\r\n<\/div>\r\n\r\n\r\n\r\n\r\n<div class=\"ui icon message\"><i class=\"circular history icon\"><\/i>\r\n<div class=\"content\">\r\n<div class=\"header\">Ducs Football \u00e9s el club de futbol americ\u00e0 de Castell-Platja d&#8217;Aro.<\/div>\r\n<p>Despr\u00e9s d&#8217;una temporada 2014\/2015 molt complicada pels dos clubs de la pov\u00edncia de Girona, les dues directives van decidir empendre un projecte esportiu conjunt, que inicialment significaria la unificaci\u00f3 dels equips esportius en un de sol. <br \/><br \/>Fruit d&#8217;aquesta uni\u00f3, durant la temporada 2015\/2016 i 2016\/2017 els dos clubs van presentar un equip conjunt a les competicions, que es van anomenar <strong>SF<\/strong> (SF= Salt Falcons = Senglars Football = Senglars\/Falcons). En aquestes dues temporades es va competir a gran nivell en les tres categories del futbol americ\u00e0 de contacte, cadets, j\u00faniors i s\u00e9niors.<br \/><br \/>La seg\u00fcent temporada els Senglars de Santa Cristina es van quedar sense instal\u00b7lacions on entrenar i els dos clubs van iniciar la transici\u00f3 cap el que avui \u00e9s l&#8217;\u00fanic club on es pot practicar el futbol americ\u00e0 a la prov\u00edncia de Girona, els <strong>Ducs Football<\/strong>. <br \/><br \/>Pel nou projecte calia una nova casa, i el nou club es va fundar a <strong>Castell-Platja d&#8217;Aro<\/strong>, on hem rebut un gran suport per par de l&#8217;ajuntament.<\/p>\r\n<\/div>\r\n<\/div>\r\n","protected":false},"excerpt":{"rendered":"<p>&nbsp; Ducs Football \u00e9s el club de futbol americ\u00e0 de Castell-Platja d&#8217;Aro. El club neix el 2018 com a fusi\u00f3 dels dos grans clubs de futbol americ\u00e0 de la prov\u00edncia de Girona, que despr\u00e9s de competir plegats durant tres anys decideixen consolidar la seva cooperaci\u00f3 per a constitu\u00efr-se en una sola entitat. Els clubs que<\/p>\n<p class=\"more-link\"><a href=\"https:\/\/www.ducsfootball.cat\/index.php\/el-club\/\" class=\"themebutton\">Read More<\/a><\/p>\n","protected":false},"author":1,"featured_media":0,"parent":0,"menu_order":0,"comment_status":"closed","ping_status":"closed","template":"","meta":{"footnotes":""},"class_list":["post-21","page","type-page","status-publish","hentry"],"_links":{"self":[{"href":"https:\/\/www.ducsfootball.cat\/index.php\/wp-json\/wp\/v2\/pages\/21"}],"collection":[{"href":"https:\/\/www.ducsfootball.cat\/index.php\/wp-json\/wp\/v2\/pages"}],"about":[{"href":"https:\/\/www.ducsfootball.cat\/index.php\/wp-json\/wp\/v2\/types\/page"}],"author":[{"embeddable":true,"href":"https:\/\/www.ducsfootball.cat\/index.php\/wp-json\/wp\/v2\/users\/1"}],"replies":[{"embeddable":true,"href":"https:\/\/www.ducsfootball.cat\/index.php\/wp-json\/wp\/v2\/comments?post=21"}],"version-history":[{"count":14,"href":"https:\/\/www.ducsfootball.cat\/index.php\/wp-json\/wp\/v2\/pages\/21\/revisions"}],"predecessor-version":[{"id":217,"href":"https:\/\/www.ducsfootball.cat\/index.php\/wp-json\/wp\/v2\/pages\/21\/revisions\/217"}],"wp:attachment":[{"href":"https:\/\/www.ducsfootball.cat\/index.php\/wp-json\/wp\/v2\/media?parent=21"}],"curies":[{"name":"wp","href":"https:\/\/api.w.org\/{rel}","templated":true}]}}